{"id":1277,"date":"2023-01-11T12:25:19","date_gmt":"2023-01-11T12:25:19","guid":{"rendered":"https:\/\/www.team-pontier.com\/?page_id=1277"},"modified":"2024-03-13T15:56:13","modified_gmt":"2024-03-13T15:56:13","slug":"sponsor-kador","status":"publish","type":"page","link":"https:\/\/www.team-pontier.com\/en\/sponsor-kador\/","title":{"rendered":"Sponsor Kador"},"content":{"rendered":"<p><div class=\"fusion-fullwidth fullwidth-box fusion-builder-row-1 fusion-flex-container has-pattern-background has-mask-background nonhundred-percent-fullwidth non-hundred-percent-height-scrolling fusion-no-small-visibility fusion-no-medium-visibility fusion-absolute-container fusion-absolute-position-small fusion-absolute-position-medium fusion-absolute-position-large\" style=\"background-color: var(--awb-color7);background-position: center center;background-repeat: no-repeat;border-width: 0px 0px 0px 0px;border-color:var(--awb-color3);border-style:solid;\" ><div class=\"fusion-builder-row fusion-row fusion-flex-align-items-flex-start\" style=\"max-width:1248px;margin-left: calc(-4% \/ 2 );margin-right: calc(-4% \/ 2 );\"><div class=\"fusion-layout-column fusion_builder_column fusion-builder-column-0 awb-sticky awb-sticky-small awb-sticky-medium awb-sticky-large fusion_builder_column_1_1 1_1 fusion-flex-column\" style=\"z-index:50;\"><div class=\"fusion-column-wrapper fusion-flex-justify-content-flex-start fusion-content-layout-column\" style=\"background-position:left top;background-repeat:no-repeat;-webkit-background-size:cover;-moz-background-size:cover;-o-background-size:cover;background-size:cover;padding: 0px 0px 0px 0px;\"><a class=\"fb-icon-element-1 fb-icon-element fontawesome-icon fa-times fas circle-yes fusion-link\" style=\"font-size:28.16px;line-height:54.32px;height:56.32px;width:56.32px;border-width:1px;border-radius:50% 50% 50% 50%;margin: 0px;margin-left:16px;\" href=\"https:\/\/www.team-pontier.com\/en\/les-athletes\/#athletes\" aria-label=\"Link to https:\/\/www.team-pontier.com\/les-athletes\/#athletes\" target=\"_self\"><\/a><style>a.fb-icon-element.fontawesome-icon.fb-icon-element-1{ color: var(--awb-color1); background-color: var(--awb-color5); border-color: var(--awb-color8);}a.fb-icon-element.fontawesome-icon.fb-icon-element-1:hover { color: var(--awb-color1); background-color: var(--awb-color4); border-color: var(--awb-color4);}a.fb-icon-element.fontawesome-icon.fb-icon-element-1{ align-self:flex-end;}<\/style><div class=\"fusion-text fusion-text-1\" style=\"font-size:18px;\"><h1 class=\"headline\" style=\"text-align: center;\">Sponsor Kador our athlete!<\/h1>\n<\/div><\/div><style type=\"text\/css\">.fusion-body .fusion-builder-column-0{width:100% !important;margin-top : 0px;margin-bottom : 20px;}.fusion-builder-column-0 > .fusion-column-wrapper {padding-top : 0px !important;padding-right : 0px !important;margin-right : 1.92%;padding-bottom : 0px !important;padding-left : 0px !important;margin-left : 1.92%;}@media only screen and (max-width:1024px) {.fusion-body .fusion-builder-column-0{width:100% !important;order : 0;}.fusion-builder-column-0 > .fusion-column-wrapper {margin-right : 1.92%;margin-left : 1.92%;}}@media only screen and (max-width:640px) {.fusion-body .fusion-builder-column-0{width:100% !important;order : 0;}.fusion-builder-column-0 > .fusion-column-wrapper {margin-right : 1.92%;margin-left : 1.92%;}}<\/style><\/div><div class=\"fusion-layout-column fusion_builder_column fusion-builder-column-1 fusion_builder_column_1_1 1_1 fusion-flex-column\"><div class=\"fusion-column-wrapper fusion-flex-justify-content-flex-start fusion-content-layout-column\" style=\"background-position:left top;background-repeat:no-repeat;-webkit-background-size:cover;-moz-background-size:cover;-o-background-size:cover;background-size:cover;padding: 0px 0px 0px 0px;\"><div class=\"give_notices give_errors\" id=\"give_error_warning\">\n\t\t\t\t\t\t<p class=\"give_notice give_warning\" data-dismissible=\"\" data-dismiss-interval=\"5000\" data-dismiss-type=\"\">\n\t\t\t\t\t\t\tThe form is not published.\n\t\t\t\t\t\t<\/p>\n\t\t\t\t\t\t\n\t\t\t\t\t<\/div><\/div><style type=\"text\/css\">.fusion-body .fusion-builder-column-1{width:100% !important;margin-top : -50px;margin-bottom : 20px;}.fusion-builder-column-1 > .fusion-column-wrapper {padding-top : 0px !important;padding-right : 0px !important;margin-right : 1.92%;padding-bottom : 0px !important;padding-left : 0px !important;margin-left : 1.92%;}@media only screen and (max-width:1024px) {.fusion-body .fusion-builder-column-1{width:100% !important;order : 0;}.fusion-builder-column-1 > .fusion-column-wrapper {margin-right : 1.92%;margin-left : 1.92%;}}@media only screen and (max-width:640px) {.fusion-body .fusion-builder-column-1{width:100% !important;order : 0;}.fusion-builder-column-1 > .fusion-column-wrapper {margin-right : 1.92%;margin-left : 1.92%;}}<\/style><\/div><\/div><style type=\"text\/css\">.fusion-body .fusion-flex-container.fusion-builder-row-1{ padding-top : 2%;margin-top : 0px;padding-right : 0px;padding-bottom : 0px;margin-bottom : 0px;padding-left : 0px;}<\/style><\/div><div class=\"fusion-fullwidth fullwidth-box fusion-builder-row-2 fusion-flex-container has-pattern-background has-mask-background hundred-percent-fullwidth non-hundred-percent-height-scrolling fusion-no-large-visibility fusion-absolute-container fusion-absolute-position-small fusion-absolute-position-medium fusion-absolute-position-large\" style=\"background-color: var(--awb-color7);background-position: center center;background-repeat: no-repeat;border-width: 0px 0px 0px 0px;border-color:var(--awb-color3);border-style:solid;\" ><div class=\"fusion-builder-row fusion-row fusion-flex-align-items-flex-start\" style=\"width:104% !important;max-width:104% !important;margin-left: calc(-4% \/ 2 );margin-right: calc(-4% \/ 2 );\"><div class=\"fusion-layout-column fusion_builder_column fusion-builder-column-2 awb-sticky awb-sticky-small awb-sticky-medium awb-sticky-large fusion_builder_column_1_1 1_1 fusion-flex-column\" style=\"z-index:50;\"><div class=\"fusion-column-wrapper fusion-flex-justify-content-flex-start fusion-content-layout-column\" style=\"background-position:left top;background-repeat:no-repeat;-webkit-background-size:cover;-moz-background-size:cover;-o-background-size:cover;background-size:cover;padding: 0px 0px 0px 0px;\"><a class=\"fb-icon-element-2 fb-icon-element fontawesome-icon fa-times fas circle-yes fusion-link\" style=\"font-size:17.6px;line-height:33.2px;height:35.2px;width:35.2px;border-width:1px;border-radius:50% 50% 50% 50%;margin: 0px;margin-right:10px;\" href=\"https:\/\/www.team-pontier.com\/en\/les-athletes\/#athletes\" aria-label=\"Link to https:\/\/www.team-pontier.com\/les-athletes\/#athletes\" target=\"_self\"><\/a><style>a.fb-icon-element.fontawesome-icon.fb-icon-element-2{ color: var(--awb-color1); background-color: var(--awb-color5); border-color: var(--awb-color8);}a.fb-icon-element.fontawesome-icon.fb-icon-element-2:hover { color: var(--awb-color1); background-color: var(--awb-color4); border-color: var(--awb-color4);}a.fb-icon-element.fontawesome-icon.fb-icon-element-2{ align-self:flex-start;}<\/style><div class=\"fusion-text fusion-text-2\" style=\"font-size:18px;\"><h1 class=\"headline\" style=\"text-align: center;\">Sponsor Kador our athlete!<\/h1>\n<\/div><\/div><style type=\"text\/css\">.fusion-body .fusion-builder-column-2{width:100% !important;margin-top : 0px;margin-bottom : 20px;}.fusion-builder-column-2 > .fusion-column-wrapper {padding-top : 0px !important;padding-right : 0px !important;margin-right : 1.92%;padding-bottom : 0px !important;padding-left : 0px !important;margin-left : 1.92%;}@media only screen and (max-width:1024px) {.fusion-body .fusion-builder-column-2{width:100% !important;order : 0;}.fusion-builder-column-2 > .fusion-column-wrapper {margin-right : 1.92%;margin-left : 1.92%;}}@media only screen and (max-width:640px) {.fusion-body .fusion-builder-column-2{width:100% !important;order : 0;}.fusion-builder-column-2 > .fusion-column-wrapper {margin-right : 1.92%;margin-left : 1.92%;}}<\/style><\/div><div class=\"fusion-layout-column fusion_builder_column fusion-builder-column-3 fusion_builder_column_1_1 1_1 fusion-flex-column fusion-flex-align-self-center\"><div class=\"fusion-column-wrapper fusion-flex-justify-content-flex-start fusion-content-layout-column\" style=\"background-position:left top;background-repeat:no-repeat;-webkit-background-size:cover;-moz-background-size:cover;-o-background-size:cover;background-size:cover;padding: 0px 0px 0px 0px;\"><div class=\"give_notices give_errors\" id=\"give_error_warning\">\n\t\t\t\t\t\t<p class=\"give_notice give_warning\" data-dismissible=\"\" data-dismiss-interval=\"5000\" data-dismiss-type=\"\">\n\t\t\t\t\t\t\tThe form is not published.\n\t\t\t\t\t\t<\/p>\n\t\t\t\t\t\t\n\t\t\t\t\t<\/div><\/div><style type=\"text\/css\">.fusion-body .fusion-builder-column-3{width:100% !important;margin-top : -50px;margin-bottom : 20px;}.fusion-builder-column-3 > .fusion-column-wrapper {padding-top : 0px !important;padding-right : 0px !important;margin-right : 1.92%;padding-bottom : 0px !important;padding-left : 0px !important;margin-left : 1.92%;}@media only screen and (max-width:1024px) {.fusion-body .fusion-builder-column-3{width:100% !important;order : 0;}.fusion-builder-column-3 > .fusion-column-wrapper {margin-right : 1.92%;margin-left : 1.92%;}}@media only screen and (max-width:640px) {.fusion-body .fusion-builder-column-3{width:100% !important;order : 0;}.fusion-builder-column-3 > .fusion-column-wrapper {margin-right : 1.92%;margin-left : 1.92%;}}<\/style><\/div><\/div><style type=\"text\/css\">.fusion-body .fusion-flex-container.fusion-builder-row-2{ padding-top : 2%;margin-top : 0px;padding-right : 5%;padding-bottom : 0px;margin-bottom : 0px;padding-left : 5%;}<\/style><\/div><\/p>","protected":false},"excerpt":{"rendered":"","protected":false},"author":4,"featured_media":0,"parent":0,"menu_order":0,"comment_status":"closed","ping_status":"closed","template":"100-width.php","meta":{"give_campaign_id":0,"footnotes":""},"class_list":["post-1277","page","type-page","status-publish","hentry"],"yoast_head":"<!-- This site is optimized with the Yoast SEO plugin v27.5 - https:\/\/yoast.com\/product\/yoast-seo-wordpress\/ -->\n<title>Parrainer Kador - Team Pontier Musher Norv\u00e8ge<\/title>\n<meta name=\"description\" content=\"Parrainez Kador notre athl\u00e8te de la Team Pontier, aider nos chiens de tra\u00eeneaux avec vos dons toute la Team Pontier vous remercie\" \/>\n<meta name=\"robots\" content=\"index, follow, max-snippet:-1, max-image-preview:large, max-video-preview:-1\" \/>\n<link rel=\"canonical\" href=\"https:\/\/www.team-pontier.com\/en\/sponsor-kador\/\" \/>\n<meta property=\"og:locale\" content=\"en_US\" \/>\n<meta property=\"og:type\" content=\"article\" \/>\n<meta property=\"og:title\" content=\"Parrainer Kador - Team Pontier Musher Norv\u00e8ge\" \/>\n<meta property=\"og:description\" content=\"Parrainez Kador notre athl\u00e8te de la Team Pontier, aider nos chiens de tra\u00eeneaux avec vos dons toute la Team Pontier vous remercie\" \/>\n<meta property=\"og:url\" content=\"https:\/\/www.team-pontier.com\/en\/sponsor-kador\/\" \/>\n<meta property=\"og:site_name\" content=\"Team Pontier Musher Norv\u00e8ge\" \/>\n<meta property=\"article:modified_time\" content=\"2024-03-13T15:56:13+00:00\" \/>\n<meta name=\"twitter:card\" content=\"summary_large_image\" \/>\n<meta name=\"twitter:label1\" content=\"Est. reading time\" \/>\n\t<meta name=\"twitter:data1\" content=\"5 minutes\" \/>\n<script type=\"application\/ld+json\" class=\"yoast-schema-graph\">{\"@context\":\"https:\\\/\\\/schema.org\",\"@graph\":[{\"@type\":\"WebPage\",\"@id\":\"https:\\\/\\\/www.team-pontier.com\\\/parrainer-kador\\\/\",\"url\":\"https:\\\/\\\/www.team-pontier.com\\\/parrainer-kador\\\/\",\"name\":\"Parrainer Kador - Team Pontier Musher Norv\u00e8ge\",\"isPartOf\":{\"@id\":\"https:\\\/\\\/www.team-pontier.com\\\/#website\"},\"datePublished\":\"2023-01-11T12:25:19+00:00\",\"dateModified\":\"2024-03-13T15:56:13+00:00\",\"description\":\"Parrainez Kador notre athl\u00e8te de la Team Pontier, aider nos chiens de tra\u00eeneaux avec vos dons toute la Team Pontier vous remercie\",\"breadcrumb\":{\"@id\":\"https:\\\/\\\/www.team-pontier.com\\\/parrainer-kador\\\/#breadcrumb\"},\"inLanguage\":\"en-CA\",\"potentialAction\":[{\"@type\":\"ReadAction\",\"target\":[\"https:\\\/\\\/www.team-pontier.com\\\/parrainer-kador\\\/\"]}]},{\"@type\":\"BreadcrumbList\",\"@id\":\"https:\\\/\\\/www.team-pontier.com\\\/parrainer-kador\\\/#breadcrumb\",\"itemListElement\":[{\"@type\":\"ListItem\",\"position\":1,\"name\":\"Accueil\",\"item\":\"https:\\\/\\\/www.team-pontier.com\\\/\"},{\"@type\":\"ListItem\",\"position\":2,\"name\":\"Parrainer Kador\"}]},{\"@type\":\"WebSite\",\"@id\":\"https:\\\/\\\/www.team-pontier.com\\\/#website\",\"url\":\"https:\\\/\\\/www.team-pontier.com\\\/\",\"name\":\"Team Pontier Musher Norv\u00e8ge\",\"description\":\"Musher et s\u00e9jours chien de traineau en Norv\u00e8ge\",\"potentialAction\":[{\"@type\":\"SearchAction\",\"target\":{\"@type\":\"EntryPoint\",\"urlTemplate\":\"https:\\\/\\\/www.team-pontier.com\\\/?s={search_term_string}\"},\"query-input\":{\"@type\":\"PropertyValueSpecification\",\"valueRequired\":true,\"valueName\":\"search_term_string\"}}],\"inLanguage\":\"en-CA\"}]}<\/script>\n<!-- \/ Yoast SEO plugin. -->","yoast_head_json":{"title":"Sponsor Kador - Team Pontier Musher Norway","description":"Sponsor Kador our Team Pontier athlete, help our sled dogs with your donations, the whole Team Pontier thanks you","robots":{"index":"index","follow":"follow","max-snippet":"max-snippet:-1","max-image-preview":"max-image-preview:large","max-video-preview":"max-video-preview:-1"},"canonical":"https:\/\/www.team-pontier.com\/en\/sponsor-kador\/","og_locale":"en_US","og_type":"article","og_title":"Parrainer Kador - Team Pontier Musher Norv\u00e8ge","og_description":"Parrainez Kador notre athl\u00e8te de la Team Pontier, aider nos chiens de tra\u00eeneaux avec vos dons toute la Team Pontier vous remercie","og_url":"https:\/\/www.team-pontier.com\/en\/sponsor-kador\/","og_site_name":"Team Pontier Musher Norv\u00e8ge","article_modified_time":"2024-03-13T15:56:13+00:00","twitter_card":"summary_large_image","twitter_misc":{"Est. reading time":"5 minutes"},"schema":{"@context":"https:\/\/schema.org","@graph":[{"@type":"WebPage","@id":"https:\/\/www.team-pontier.com\/parrainer-kador\/","url":"https:\/\/www.team-pontier.com\/parrainer-kador\/","name":"Sponsor Kador - Team Pontier Musher Norway","isPartOf":{"@id":"https:\/\/www.team-pontier.com\/#website"},"datePublished":"2023-01-11T12:25:19+00:00","dateModified":"2024-03-13T15:56:13+00:00","description":"Sponsor Kador our Team Pontier athlete, help our sled dogs with your donations, the whole Team Pontier thanks you","breadcrumb":{"@id":"https:\/\/www.team-pontier.com\/parrainer-kador\/#breadcrumb"},"inLanguage":"en-CA","potentialAction":[{"@type":"ReadAction","target":["https:\/\/www.team-pontier.com\/parrainer-kador\/"]}]},{"@type":"BreadcrumbList","@id":"https:\/\/www.team-pontier.com\/parrainer-kador\/#breadcrumb","itemListElement":[{"@type":"ListItem","position":1,"name":"Accueil","item":"https:\/\/www.team-pontier.com\/"},{"@type":"ListItem","position":2,"name":"Parrainer Kador"}]},{"@type":"WebSite","@id":"https:\/\/www.team-pontier.com\/#website","url":"https:\/\/www.team-pontier.com\/","name":"Team Pontier Musher Norway","description":"Musher et s\u00e9jours chien de traineau en Norv\u00e8ge","potentialAction":[{"@type":"SearchAction","target":{"@type":"EntryPoint","urlTemplate":"https:\/\/www.team-pontier.com\/?s={search_term_string}"},"query-input":{"@type":"PropertyValueSpecification","valueRequired":true,"valueName":"search_term_string"}}],"inLanguage":"en-CA"}]}},"campaignId":"","_links":{"self":[{"href":"https:\/\/www.team-pontier.com\/en\/wp-json\/wp\/v2\/pages\/1277","targetHints":{"allow":["GET"]}}],"collection":[{"href":"https:\/\/www.team-pontier.com\/en\/wp-json\/wp\/v2\/pages"}],"about":[{"href":"https:\/\/www.team-pontier.com\/en\/wp-json\/wp\/v2\/types\/page"}],"author":[{"embeddable":true,"href":"https:\/\/www.team-pontier.com\/en\/wp-json\/wp\/v2\/users\/4"}],"replies":[{"embeddable":true,"href":"https:\/\/www.team-pontier.com\/en\/wp-json\/wp\/v2\/comments?post=1277"}],"version-history":[{"count":3,"href":"https:\/\/www.team-pontier.com\/en\/wp-json\/wp\/v2\/pages\/1277\/revisions"}],"predecessor-version":[{"id":1874,"href":"https:\/\/www.team-pontier.com\/en\/wp-json\/wp\/v2\/pages\/1277\/revisions\/1874"}],"wp:attachment":[{"href":"https:\/\/www.team-pontier.com\/en\/wp-json\/wp\/v2\/media?parent=1277"}],"curies":[{"name":"wp","href":"https:\/\/api.w.org\/{rel}","templated":true}]}}