{"id":384,"date":"2023-01-01T17:24:49","date_gmt":"2023-01-01T17:24:49","guid":{"rendered":"https:\/\/www.team-pontier.com\/le-don-a-echoue\/"},"modified":"2024-03-13T15:51:11","modified_gmt":"2024-03-13T15:51:11","slug":"the-don-failed","status":"publish","type":"page","link":"https:\/\/www.team-pontier.com\/en\/the-don-failed\/","title":{"rendered":"Donation failed"},"content":{"rendered":"<h1>Donation failed<\/h1>\n<p>&nbsp;<\/p>\n<p>Nous sommes d\u00e9sol\u00e9s, mais votre transaction a \u00e9chou\u00e9. Veuillez essayer \u00e0 nouveau ou contacter l\u2019assistance du site.<\/p>","protected":false},"excerpt":{"rendered":"<p>Le don a \u00e9chou\u00e9 &nbsp; Nous sommes d\u00e9sol\u00e9s, mais votre [&hellip;]<\/p>\n","protected":false},"author":4,"featured_media":0,"parent":0,"menu_order":0,"comment_status":"closed","ping_status":"closed","template":"100-width.php","meta":{"give_campaign_id":0,"footnotes":""},"class_list":["post-384","page","type-page","status-publish","hentry"],"yoast_head":"<!-- This site is optimized with the Yoast SEO plugin v27.5 - https:\/\/yoast.com\/product\/yoast-seo-wordpress\/ -->\n<title>Le don a \u00e9chou\u00e9 - Team Pontier<\/title>\n<meta name=\"description\" content=\"Nous sommes d\u00e9sol\u00e9, votre don a \u00e9chou\u00e9, veuillez ressayer ult\u00e9rieurement, nous sommes navr\u00e9 de ce d\u00e9sagr\u00e9ment.\" \/>\n<meta name=\"robots\" content=\"index, follow, max-snippet:-1, max-image-preview:large, max-video-preview:-1\" \/>\n<link rel=\"canonical\" href=\"https:\/\/www.team-pontier.com\/en\/the-don-failed\/\" \/>\n<meta property=\"og:locale\" content=\"en_US\" \/>\n<meta property=\"og:type\" content=\"article\" \/>\n<meta property=\"og:title\" content=\"Le don a \u00e9chou\u00e9 - Team Pontier\" \/>\n<meta property=\"og:description\" content=\"Nous sommes d\u00e9sol\u00e9, votre don a \u00e9chou\u00e9, veuillez ressayer ult\u00e9rieurement, nous sommes navr\u00e9 de ce d\u00e9sagr\u00e9ment.\" \/>\n<meta property=\"og:url\" content=\"https:\/\/www.team-pontier.com\/en\/the-don-failed\/\" \/>\n<meta property=\"og:site_name\" content=\"Team Pontier Musher Norv\u00e8ge\" \/>\n<meta property=\"article:modified_time\" content=\"2024-03-13T15:51:11+00:00\" \/>\n<meta name=\"twitter:card\" content=\"summary_large_image\" \/>\n<meta name=\"twitter:label1\" content=\"Est. reading time\" \/>\n\t<meta name=\"twitter:data1\" content=\"1 minute\" \/>\n<script type=\"application\/ld+json\" class=\"yoast-schema-graph\">{\"@context\":\"https:\\\/\\\/schema.org\",\"@graph\":[{\"@type\":\"WebPage\",\"@id\":\"https:\\\/\\\/www.team-pontier.com\\\/le-don-a-echoue\\\/\",\"url\":\"https:\\\/\\\/www.team-pontier.com\\\/le-don-a-echoue\\\/\",\"name\":\"Le don a \u00e9chou\u00e9 - Team Pontier\",\"isPartOf\":{\"@id\":\"https:\\\/\\\/www.team-pontier.com\\\/#website\"},\"datePublished\":\"2023-01-01T17:24:49+00:00\",\"dateModified\":\"2024-03-13T15:51:11+00:00\",\"description\":\"Nous sommes d\u00e9sol\u00e9, votre don a \u00e9chou\u00e9, veuillez ressayer ult\u00e9rieurement, nous sommes navr\u00e9 de ce d\u00e9sagr\u00e9ment.\",\"breadcrumb\":{\"@id\":\"https:\\\/\\\/www.team-pontier.com\\\/le-don-a-echoue\\\/#breadcrumb\"},\"inLanguage\":\"en-CA\",\"potentialAction\":[{\"@type\":\"ReadAction\",\"target\":[\"https:\\\/\\\/www.team-pontier.com\\\/le-don-a-echoue\\\/\"]}]},{\"@type\":\"BreadcrumbList\",\"@id\":\"https:\\\/\\\/www.team-pontier.com\\\/le-don-a-echoue\\\/#breadcrumb\",\"itemListElement\":[{\"@type\":\"ListItem\",\"position\":1,\"name\":\"Accueil\",\"item\":\"https:\\\/\\\/www.team-pontier.com\\\/\"},{\"@type\":\"ListItem\",\"position\":2,\"name\":\"Le don a \u00e9chou\u00e9\"}]},{\"@type\":\"WebSite\",\"@id\":\"https:\\\/\\\/www.team-pontier.com\\\/#website\",\"url\":\"https:\\\/\\\/www.team-pontier.com\\\/\",\"name\":\"Team Pontier Musher Norv\u00e8ge\",\"description\":\"Musher et s\u00e9jours chien de traineau en Norv\u00e8ge\",\"potentialAction\":[{\"@type\":\"SearchAction\",\"target\":{\"@type\":\"EntryPoint\",\"urlTemplate\":\"https:\\\/\\\/www.team-pontier.com\\\/?s={search_term_string}\"},\"query-input\":{\"@type\":\"PropertyValueSpecification\",\"valueRequired\":true,\"valueName\":\"search_term_string\"}}],\"inLanguage\":\"en-CA\"}]}<\/script>\n<!-- \/ Yoast SEO plugin. -->","yoast_head_json":{"title":"Donation failed - Team Pontier","description":"We are sorry, your donation failed, please try again later, we are sorry for this inconvenience.","robots":{"index":"index","follow":"follow","max-snippet":"max-snippet:-1","max-image-preview":"max-image-preview:large","max-video-preview":"max-video-preview:-1"},"canonical":"https:\/\/www.team-pontier.com\/en\/the-don-failed\/","og_locale":"en_US","og_type":"article","og_title":"Le don a \u00e9chou\u00e9 - Team Pontier","og_description":"Nous sommes d\u00e9sol\u00e9, votre don a \u00e9chou\u00e9, veuillez ressayer ult\u00e9rieurement, nous sommes navr\u00e9 de ce d\u00e9sagr\u00e9ment.","og_url":"https:\/\/www.team-pontier.com\/en\/the-don-failed\/","og_site_name":"Team Pontier Musher Norv\u00e8ge","article_modified_time":"2024-03-13T15:51:11+00:00","twitter_card":"summary_large_image","twitter_misc":{"Est. reading time":"1 minute"},"schema":{"@context":"https:\/\/schema.org","@graph":[{"@type":"WebPage","@id":"https:\/\/www.team-pontier.com\/le-don-a-echoue\/","url":"https:\/\/www.team-pontier.com\/le-don-a-echoue\/","name":"Donation failed - Team Pontier","isPartOf":{"@id":"https:\/\/www.team-pontier.com\/#website"},"datePublished":"2023-01-01T17:24:49+00:00","dateModified":"2024-03-13T15:51:11+00:00","description":"We are sorry, your donation failed, please try again later, we are sorry for this inconvenience.","breadcrumb":{"@id":"https:\/\/www.team-pontier.com\/le-don-a-echoue\/#breadcrumb"},"inLanguage":"en-CA","potentialAction":[{"@type":"ReadAction","target":["https:\/\/www.team-pontier.com\/le-don-a-echoue\/"]}]},{"@type":"BreadcrumbList","@id":"https:\/\/www.team-pontier.com\/le-don-a-echoue\/#breadcrumb","itemListElement":[{"@type":"ListItem","position":1,"name":"Accueil","item":"https:\/\/www.team-pontier.com\/"},{"@type":"ListItem","position":2,"name":"Le don a \u00e9chou\u00e9"}]},{"@type":"WebSite","@id":"https:\/\/www.team-pontier.com\/#website","url":"https:\/\/www.team-pontier.com\/","name":"Team Pontier Musher Norway","description":"Musher et s\u00e9jours chien de traineau en Norv\u00e8ge","potentialAction":[{"@type":"SearchAction","target":{"@type":"EntryPoint","urlTemplate":"https:\/\/www.team-pontier.com\/?s={search_term_string}"},"query-input":{"@type":"PropertyValueSpecification","valueRequired":true,"valueName":"search_term_string"}}],"inLanguage":"en-CA"}]}},"campaignId":"","_links":{"self":[{"href":"https:\/\/www.team-pontier.com\/en\/wp-json\/wp\/v2\/pages\/384","targetHints":{"allow":["GET"]}}],"collection":[{"href":"https:\/\/www.team-pontier.com\/en\/wp-json\/wp\/v2\/pages"}],"about":[{"href":"https:\/\/www.team-pontier.com\/en\/wp-json\/wp\/v2\/types\/page"}],"author":[{"embeddable":true,"href":"https:\/\/www.team-pontier.com\/en\/wp-json\/wp\/v2\/users\/4"}],"replies":[{"embeddable":true,"href":"https:\/\/www.team-pontier.com\/en\/wp-json\/wp\/v2\/comments?post=384"}],"version-history":[{"count":2,"href":"https:\/\/www.team-pontier.com\/en\/wp-json\/wp\/v2\/pages\/384\/revisions"}],"predecessor-version":[{"id":1904,"href":"https:\/\/www.team-pontier.com\/en\/wp-json\/wp\/v2\/pages\/384\/revisions\/1904"}],"wp:attachment":[{"href":"https:\/\/www.team-pontier.com\/en\/wp-json\/wp\/v2\/media?parent=384"}],"curies":[{"name":"wp","href":"https:\/\/api.w.org\/{rel}","templated":true}]}}